{"id":12016,"date":"2021-08-26T11:43:25","date_gmt":"2021-08-26T11:43:25","guid":{"rendered":"https:\/\/immigrationcur.org\/grensbewaking-en-toezicht\/"},"modified":"2023-06-29T15:56:57","modified_gmt":"2023-06-29T15:56:57","slug":"grensbewaking-en-toezicht","status":"publish","type":"page","link":"https:\/\/ribeluga.cw\/pap\/grensbewaking-en-toezicht\/","title":{"rendered":"Vigilansia di Frontera i Supervishon"},"content":{"rendered":"\t\t<div data-elementor-type=\"wp-page\" data-elementor-id=\"12016\" class=\"elementor elementor-12016 elementor-5530\">\n\t\t\t\t\t\t\t\t\t<section class=\"elementor-section elementor-top-section elementor-element elementor-element-0bdf082 elementor-section-full_width elementor-section-height-default elementor-section-height-default\" data-id=\"0bdf082\" data-element_type=\"section\">\n\t\t\t\t\t\t<div class=\"elementor-container elementor-column-gap-default\">\n\t\t\t\t\t<div class=\"elementor-column elementor-col-100 elementor-top-column elementor-element elementor-element-f98ef1c\" data-id=\"f98ef1c\" data-element_type=\"column\">\n\t\t\t<div class=\"elementor-widget-wrap elementor-element-populated\">\n\t\t\t\t\t\t\t\t<div class=\"elementor-element elementor-element-a2535ea elementor-widget elementor-widget-ova_header\" data-id=\"a2535ea\" data-element_type=\"widget\" data-widget_type=\"ova_header.default\">\n\t\t\t\t<div class=\"elementor-widget-container\">\n\t\t\t\t\t \t<!-- Display when you choose background per Post -->\n\t\t \t<div class=\"wrap_ova_header bg_feature_img left \" style=\"background: url( https:\/\/ribeluga.cw\/wp-content\/uploads\/2021\/10\/grens.png )\"  >\n\n\t\t \t\t<div class=\"container\">\t\t\t \t\n\t\t\t\t \t<div class=\"cover_color\"><\/div>\n\n\t\t\t\t\t<div class=\"ova_header_el \">\n\t\t\t\t\t\t\n\t\t\t\t\t\t\t\t\t\t\t\t\n\t\t\t\t\t\t\t\t\t\t\t\t\t\t<h1 class=\"second_font header_title\">\n\t\t\t\t\t\t\t\tVigilansia di Frontera i Supervishon\t\t\t\t\t\t\t<\/h1>\n\t\t\t\t\t\t\t\t\n\t\t\t\t\t\t\n\n\t\t\t\t\t\t\t\t\t\t\t\t\t<div class=\"ovatheme_breadcrumbs ovatheme_breadcrumbs_el\">\n\t\t\t\t\t\t\t\t<div id=\"breadcrumbs\"><ul class=\"breadcrumb\"><li><a href=\"https:\/\/ribeluga.cw\/pap\/\">Pagina sentral<\/a><\/li> <li class=\"li_separator\"><span class=\"separator\"><\/span><\/li> <li>Page<\/li><\/ul><\/div>\t\t\t\t\t\t\t<\/div>\n\t\t\t\t\t\t\n\t\t\t\t\t<\/div>\n\n\t\t\t\t <\/div> \n\t\t\t<\/div>\n\t\t\t\t<\/div>\n\t\t\t\t<\/div>\n\t\t\t\t\t<\/div>\n\t\t<\/div>\n\t\t\t\t\t\t\t<\/div>\n\t\t<\/section>\n\t\t\t\t<section class=\"elementor-section elementor-top-section elementor-element elementor-element-7f5485a elementor-section-boxed elementor-section-height-default elementor-section-height-default\" data-id=\"7f5485a\" data-element_type=\"section\">\n\t\t\t\t\t\t<div class=\"elementor-container elementor-column-gap-default\">\n\t\t\t\t\t<div class=\"elementor-column elementor-col-100 elementor-top-column elementor-element elementor-element-d50bc74\" data-id=\"d50bc74\" data-element_type=\"column\">\n\t\t\t<div class=\"elementor-widget-wrap elementor-element-populated\">\n\t\t\t\t\t\t\t\t<div class=\"elementor-element elementor-element-16b0657 elementor-widget elementor-widget-ova_archive_dep\" data-id=\"16b0657\" data-element_type=\"widget\" data-widget_type=\"ova_archive_dep.default\">\n\t\t\t\t<div class=\"elementor-widget-container\">\n\t\t\t\n\n<div class=\"ova_archive_dep archive_dep two_column\">\n\t<div class=\"content\">\n\t\t\n\t\t\t<div class=\"items elementor-items\">\n\t\t\t\t<div class=\"wp-item\">\n\t\t\t\t\n\t\t\t\t<div class=\"ova-media\">\n\t\t\t\t\t<a href=\"https:\/\/ribeluga.cw\/pap\/dep\/reizen-met-minderjarigen\/\">\n\t\t\t\t\t\t<img decoding=\"async\" width=\"885\" height=\"407\" src=\"https:\/\/ribeluga.cw\/wp-content\/uploads\/2023\/06\/resized-446A0250.jpg\" class=\"img-responsive wp-post-image\" alt=\"\" srcset=\"https:\/\/ribeluga.cw\/wp-content\/uploads\/2023\/06\/resized-446A0250.jpg 885w, https:\/\/ribeluga.cw\/wp-content\/uploads\/2023\/06\/resized-446A0250-300x138.jpg 300w, https:\/\/ribeluga.cw\/wp-content\/uploads\/2023\/06\/resized-446A0250-768x353.jpg 768w, https:\/\/ribeluga.cw\/wp-content\/uploads\/2023\/06\/resized-446A0250-600x276.jpg 600w, https:\/\/ribeluga.cw\/wp-content\/uploads\/2023\/06\/resized-446A0250-560x258.jpg 560w\" sizes=\"(max-width: 885px) 100vw, 885px\" \/>\t\t\t\t\t<\/a>\n\t\t\t\t<\/div>\n\t\t\t\t<div class=\"ova-content\">\n\t\t\t\t\t\t\t\t\t\t\t<div class=\"icon\">\n\t\t\t\t\t\t\t<span>\n\t\t\t\t\t\t\t\t<i class=\"flaticon-single-father\"><\/i>\n\t\t\t\t\t\t\t<\/span>\n\t\t\t\t\t\t<\/div>\n\t\t\t\t\t\t\t\t\t\t\t\t\t\t\t<h2 class=\"title\">\n\t\t\t\t\t\t<a class=\"second_font\" href=\"https:\/\/ribeluga.cw\/pap\/dep\/reizen-met-minderjarigen\/\">\n\t\t\t\t\t\t\tBiaha ku Mucha\t\t\t\t\t\t<\/a>\n\t\t\t\t\t<\/h2>\n\t\t\t\t\t\t\t\t\t\t\t\t\t\t\t\t<div class=\"descption\">\n\t\t\t\t\t\t\tProtekshon di mucha ta un prioridat di Gobi\u00e8rnu di K\u00f2rsou en general i di Ministerio di Hustisia en partikular. \r\n\t\t\t\t\t\t<\/div>\n\t\t\t\t\t\t\t\t\t\t\t\t\t\t\t<a class=\"second_font readmore\" href=\"https:\/\/ribeluga.cw\/pap\/dep\/reizen-met-minderjarigen\/\" >\n\t\t\t\t\t\tLesa Mas\t\t\t\t\t\t<i data-feather=\"arrow-right\"><\/i>\n\t\t\t\t\t<\/a>\n\t\t\t\t\t\t\t\t\t<\/div>\n\n\t\t\t\t<\/div>\n\t\t\t<\/div>\n\n\t\t\n\t\t\t<div class=\"items elementor-items\">\n\t\t\t\t<div class=\"wp-item\">\n\t\t\t\t\n\t\t\t\t<div class=\"ova-media\">\n\t\t\t\t\t<a href=\"https:\/\/ribeluga.cw\/pap\/dep\/toezicht\/\">\n\t\t\t\t\t\t<img decoding=\"async\" width=\"1024\" height=\"471\" src=\"https:\/\/ribeluga.cw\/wp-content\/uploads\/2020\/07\/Toezicht-Curacao-1024x471.jpg\" class=\"img-responsive wp-post-image\" alt=\"\" srcset=\"https:\/\/ribeluga.cw\/wp-content\/uploads\/2020\/07\/Toezicht-Curacao-1024x471.jpg 1024w, https:\/\/ribeluga.cw\/wp-content\/uploads\/2020\/07\/Toezicht-Curacao-300x138.jpg 300w, https:\/\/ribeluga.cw\/wp-content\/uploads\/2020\/07\/Toezicht-Curacao-768x354.jpg 768w, https:\/\/ribeluga.cw\/wp-content\/uploads\/2020\/07\/Toezicht-Curacao-600x276.jpg 600w, https:\/\/ribeluga.cw\/wp-content\/uploads\/2020\/07\/Toezicht-Curacao-560x258.jpg 560w, https:\/\/ribeluga.cw\/wp-content\/uploads\/2020\/07\/Toezicht-Curacao.jpg 1403w\" sizes=\"(max-width: 1024px) 100vw, 1024px\" \/>\t\t\t\t\t<\/a>\n\t\t\t\t<\/div>\n\t\t\t\t<div class=\"ova-content\">\n\t\t\t\t\t\t\t\t\t\t\t<div class=\"icon\">\n\t\t\t\t\t\t\t<span>\n\t\t\t\t\t\t\t\t<i class=\"flaticon-sev\"><\/i>\n\t\t\t\t\t\t\t<\/span>\n\t\t\t\t\t\t<\/div>\n\t\t\t\t\t\t\t\t\t\t\t\t\t\t\t<h2 class=\"title\">\n\t\t\t\t\t\t<a class=\"second_font\" href=\"https:\/\/ribeluga.cw\/pap\/dep\/toezicht\/\">\n\t\t\t\t\t\t\tSupervishon\t\t\t\t\t\t<\/a>\n\t\t\t\t\t<\/h2>\n\t\t\t\t\t\t\t\t\t\t\t\t\t\t\t\t<div class=\"descption\">\n\t\t\t\t\t\t\tE departamentu ku ta ehers\u00e9 k\u00f2ntr\u00f2l na aeropuerto i haf relashon\u00e1 ku entrada i salida di individuonan.\n\t\t\t\t\t\t<\/div>\n\t\t\t\t\t\t\t\t\t\t\t\t\t\t\t<a class=\"second_font readmore\" href=\"https:\/\/ribeluga.cw\/pap\/dep\/toezicht\/\" >\n\t\t\t\t\t\tLesa Mas\t\t\t\t\t\t<i data-feather=\"arrow-right\"><\/i>\n\t\t\t\t\t<\/a>\n\t\t\t\t\t\t\t\t\t<\/div>\n\n\t\t\t\t<\/div>\n\t\t\t<\/div>\n\n\t\t\n\t\t\t<div class=\"items elementor-items\">\n\t\t\t\t<div class=\"wp-item\">\n\t\t\t\t\n\t\t\t\t<div class=\"ova-media\">\n\t\t\t\t\t<a href=\"https:\/\/ribeluga.cw\/pap\/dep\/grensbewaking\/\">\n\t\t\t\t\t\t<img decoding=\"async\" width=\"1024\" height=\"471\" src=\"https:\/\/ribeluga.cw\/wp-content\/uploads\/2020\/07\/Luchthaven-Curacao-1024x471.jpg\" class=\"img-responsive wp-post-image\" alt=\"\" srcset=\"https:\/\/ribeluga.cw\/wp-content\/uploads\/2020\/07\/Luchthaven-Curacao-1024x471.jpg 1024w, https:\/\/ribeluga.cw\/wp-content\/uploads\/2020\/07\/Luchthaven-Curacao-300x138.jpg 300w, https:\/\/ribeluga.cw\/wp-content\/uploads\/2020\/07\/Luchthaven-Curacao-768x354.jpg 768w, https:\/\/ribeluga.cw\/wp-content\/uploads\/2020\/07\/Luchthaven-Curacao-600x276.jpg 600w, https:\/\/ribeluga.cw\/wp-content\/uploads\/2020\/07\/Luchthaven-Curacao-560x258.jpg 560w, https:\/\/ribeluga.cw\/wp-content\/uploads\/2020\/07\/Luchthaven-Curacao.jpg 1403w\" sizes=\"(max-width: 1024px) 100vw, 1024px\" \/>\t\t\t\t\t<\/a>\n\t\t\t\t<\/div>\n\t\t\t\t<div class=\"ova-content\">\n\t\t\t\t\t\t\t\t\t\t\t<div class=\"icon\">\n\t\t\t\t\t\t\t<span>\n\t\t\t\t\t\t\t\t<i class=\"flaticon-architecture-and-city\"><\/i>\n\t\t\t\t\t\t\t<\/span>\n\t\t\t\t\t\t<\/div>\n\t\t\t\t\t\t\t\t\t\t\t\t\t\t\t<h2 class=\"title\">\n\t\t\t\t\t\t<a class=\"second_font\" href=\"https:\/\/ribeluga.cw\/pap\/dep\/grensbewaking\/\">\n\t\t\t\t\t\t\tVigilansia di Frontera\t\t\t\t\t\t<\/a>\n\t\t\t\t\t<\/h2>\n\t\t\t\t\t\t\t\t\t\t\t\t\t\t\t\t<div class=\"descption\">\n\t\t\t\t\t\t\tE departamentu ku ta kontrol\u00e1 status legal di individuonan.\r\n\t\t\t\t\t\t<\/div>\n\t\t\t\t\t\t\t\t\t\t\t\t\t\t\t<a class=\"second_font readmore\" href=\"https:\/\/ribeluga.cw\/pap\/dep\/grensbewaking\/\" >\n\t\t\t\t\t\tLesa Mas\t\t\t\t\t\t<i data-feather=\"arrow-right\"><\/i>\n\t\t\t\t\t<\/a>\n\t\t\t\t\t\t\t\t\t<\/div>\n\n\t\t\t\t<\/div>\n\t\t\t<\/div>\n\n\t\t\t<\/div>\n\n\n\n<\/div>\n\n\n\t\t<\/div>\n\t\t\t\t<\/div>\n\t\t\t\t\t<\/div>\n\t\t<\/div>\n\t\t\t\t\t\t\t<\/div>\n\t\t<\/section>\n\t\t\t\t\t\t\t<\/div>\n\t\t","protected":false},"excerpt":{"rendered":"<p>Grensbewaking &amp; Toezicht Home Pagina Vigilansia di Frontera E departamentu ku ta kontrol\u00e1 status legal di individuonan. Lees Meer Supervishon E departamentu ku ta ehers\u00e9 k\u00f2ntr\u00f2l na aeropuerto i haf relashon\u00e1 ku entrada i salida di individuonan. Lees Meer<\/p>\n","protected":false},"author":4,"featured_media":12018,"parent":0,"menu_order":0,"comment_status":"closed","ping_status":"closed","template":"elementor_header_footer","meta":{"_acf_changed":false,"footnotes":""},"class_list":["post-12016","page","type-page","status-publish","has-post-thumbnail","hentry"],"acf":[],"yoast_head":"<!-- This site is optimized with the Yoast SEO plugin v27.5 - https:\/\/yoast.com\/product\/yoast-seo-wordpress\/ -->\n<title>Grensbewaking en Toezicht<\/title>\n<meta name=\"description\" content=\"Meer informatie over de grensbewaking en het toezicht op Cura\u00e7ao, vindt u hier.\" \/>\n<meta name=\"robots\" content=\"index, follow, max-snippet:-1, max-image-preview:large, max-video-preview:-1\" \/>\n<link rel=\"canonical\" href=\"https:\/\/ribeluga.cw\/pap\/grensbewaking-en-toezicht\/\" \/>\n<meta property=\"og:locale\" content=\"en_US\" \/>\n<meta property=\"og:type\" content=\"article\" \/>\n<meta property=\"og:title\" content=\"Grensbewaking en Toezicht\" \/>\n<meta property=\"og:description\" content=\"Meer informatie over de grensbewaking en het toezicht op Cura\u00e7ao, vindt u hier.\" \/>\n<meta property=\"og:url\" content=\"https:\/\/ribeluga.cw\/pap\/grensbewaking-en-toezicht\/\" \/>\n<meta property=\"og:site_name\" content=\"Immigratiedienst Cura\u00e7ao\" \/>\n<meta property=\"article:modified_time\" content=\"2023-06-29T15:56:57+00:00\" \/>\n<meta property=\"og:image\" content=\"https:\/\/www.immigrationcur.org\/wp-content\/uploads\/2021\/10\/grens.png\" \/>\n\t<meta property=\"og:image:width\" content=\"1920\" \/>\n\t<meta property=\"og:image:height\" content=\"300\" \/>\n\t<meta property=\"og:image:type\" content=\"image\/png\" \/>\n<meta name=\"twitter:card\" content=\"summary_large_image\" \/>\n<meta name=\"twitter:label1\" content=\"Est. reading time\" \/>\n\t<meta name=\"twitter:data1\" content=\"1 minute\" \/>\n<script type=\"application\/ld+json\" class=\"yoast-schema-graph\">{\"@context\":\"https:\\\/\\\/schema.org\",\"@graph\":[{\"@type\":\"WebPage\",\"@id\":\"https:\\\/\\\/ribeluga.cw\\\/pap\\\/grensbewaking-en-toezicht\\\/\",\"url\":\"https:\\\/\\\/ribeluga.cw\\\/pap\\\/grensbewaking-en-toezicht\\\/\",\"name\":\"Grensbewaking en Toezicht\",\"isPartOf\":{\"@id\":\"https:\\\/\\\/immigrationcur.org\\\/pap\\\/#website\"},\"primaryImageOfPage\":{\"@id\":\"https:\\\/\\\/ribeluga.cw\\\/pap\\\/grensbewaking-en-toezicht\\\/#primaryimage\"},\"image\":{\"@id\":\"https:\\\/\\\/ribeluga.cw\\\/pap\\\/grensbewaking-en-toezicht\\\/#primaryimage\"},\"thumbnailUrl\":\"https:\\\/\\\/ribeluga.cw\\\/wp-content\\\/uploads\\\/2021\\\/10\\\/grens.png\",\"datePublished\":\"2021-08-26T11:43:25+00:00\",\"dateModified\":\"2023-06-29T15:56:57+00:00\",\"description\":\"Meer informatie over de grensbewaking en het toezicht op Cura\u00e7ao, vindt u hier.\",\"breadcrumb\":{\"@id\":\"https:\\\/\\\/ribeluga.cw\\\/pap\\\/grensbewaking-en-toezicht\\\/#breadcrumb\"},\"inLanguage\":\"pap-AW\",\"potentialAction\":[{\"@type\":\"ReadAction\",\"target\":[\"https:\\\/\\\/ribeluga.cw\\\/pap\\\/grensbewaking-en-toezicht\\\/\"]}]},{\"@type\":\"ImageObject\",\"inLanguage\":\"pap-AW\",\"@id\":\"https:\\\/\\\/ribeluga.cw\\\/pap\\\/grensbewaking-en-toezicht\\\/#primaryimage\",\"url\":\"https:\\\/\\\/ribeluga.cw\\\/wp-content\\\/uploads\\\/2021\\\/10\\\/grens.png\",\"contentUrl\":\"https:\\\/\\\/ribeluga.cw\\\/wp-content\\\/uploads\\\/2021\\\/10\\\/grens.png\",\"width\":1920,\"height\":300},{\"@type\":\"BreadcrumbList\",\"@id\":\"https:\\\/\\\/ribeluga.cw\\\/pap\\\/grensbewaking-en-toezicht\\\/#breadcrumb\",\"itemListElement\":[{\"@type\":\"ListItem\",\"position\":1,\"name\":\"Pagina sentral\",\"item\":\"https:\\\/\\\/immigrationcur.org\\\/pap\\\/\"},{\"@type\":\"ListItem\",\"position\":2,\"name\":\"Vigilansia di Frontera i Supervishon\"}]},{\"@type\":\"WebSite\",\"@id\":\"https:\\\/\\\/immigrationcur.org\\\/pap\\\/#website\",\"url\":\"https:\\\/\\\/immigrationcur.org\\\/pap\\\/\",\"name\":\"Immigratiedienst Cura\u00e7ao\",\"description\":\"De Toelatingsorganisatie (TO) behandelt aanvragen van personen die zich voor een korte of langere periode op Cura\u00e7ao willen verblijven.\",\"potentialAction\":[{\"@type\":\"SearchAction\",\"target\":{\"@type\":\"EntryPoint\",\"urlTemplate\":\"https:\\\/\\\/immigrationcur.org\\\/pap\\\/?s={search_term_string}\"},\"query-input\":{\"@type\":\"PropertyValueSpecification\",\"valueRequired\":true,\"valueName\":\"search_term_string\"}}],\"inLanguage\":\"pap-AW\"}]}<\/script>\n<!-- \/ Yoast SEO plugin. -->","yoast_head_json":{"title":"Grensbewaking en Toezicht","description":"Meer informatie over de grensbewaking en het toezicht op Cura\u00e7ao, vindt u hier.","robots":{"index":"index","follow":"follow","max-snippet":"max-snippet:-1","max-image-preview":"max-image-preview:large","max-video-preview":"max-video-preview:-1"},"canonical":"https:\/\/ribeluga.cw\/pap\/grensbewaking-en-toezicht\/","og_locale":"en_US","og_type":"article","og_title":"Grensbewaking en Toezicht","og_description":"Meer informatie over de grensbewaking en het toezicht op Cura\u00e7ao, vindt u hier.","og_url":"https:\/\/ribeluga.cw\/pap\/grensbewaking-en-toezicht\/","og_site_name":"Immigratiedienst Cura\u00e7ao","article_modified_time":"2023-06-29T15:56:57+00:00","og_image":[{"width":1920,"height":300,"url":"https:\/\/www.immigrationcur.org\/wp-content\/uploads\/2021\/10\/grens.png","type":"image\/png"}],"twitter_card":"summary_large_image","twitter_misc":{"Est. reading time":"1 minute"},"schema":{"@context":"https:\/\/schema.org","@graph":[{"@type":"WebPage","@id":"https:\/\/ribeluga.cw\/pap\/grensbewaking-en-toezicht\/","url":"https:\/\/ribeluga.cw\/pap\/grensbewaking-en-toezicht\/","name":"Grensbewaking en Toezicht","isPartOf":{"@id":"https:\/\/immigrationcur.org\/pap\/#website"},"primaryImageOfPage":{"@id":"https:\/\/ribeluga.cw\/pap\/grensbewaking-en-toezicht\/#primaryimage"},"image":{"@id":"https:\/\/ribeluga.cw\/pap\/grensbewaking-en-toezicht\/#primaryimage"},"thumbnailUrl":"https:\/\/ribeluga.cw\/wp-content\/uploads\/2021\/10\/grens.png","datePublished":"2021-08-26T11:43:25+00:00","dateModified":"2023-06-29T15:56:57+00:00","description":"Meer informatie over de grensbewaking en het toezicht op Cura\u00e7ao, vindt u hier.","breadcrumb":{"@id":"https:\/\/ribeluga.cw\/pap\/grensbewaking-en-toezicht\/#breadcrumb"},"inLanguage":"pap-AW","potentialAction":[{"@type":"ReadAction","target":["https:\/\/ribeluga.cw\/pap\/grensbewaking-en-toezicht\/"]}]},{"@type":"ImageObject","inLanguage":"pap-AW","@id":"https:\/\/ribeluga.cw\/pap\/grensbewaking-en-toezicht\/#primaryimage","url":"https:\/\/ribeluga.cw\/wp-content\/uploads\/2021\/10\/grens.png","contentUrl":"https:\/\/ribeluga.cw\/wp-content\/uploads\/2021\/10\/grens.png","width":1920,"height":300},{"@type":"BreadcrumbList","@id":"https:\/\/ribeluga.cw\/pap\/grensbewaking-en-toezicht\/#breadcrumb","itemListElement":[{"@type":"ListItem","position":1,"name":"Pagina sentral","item":"https:\/\/immigrationcur.org\/pap\/"},{"@type":"ListItem","position":2,"name":"Vigilansia di Frontera i Supervishon"}]},{"@type":"WebSite","@id":"https:\/\/immigrationcur.org\/pap\/#website","url":"https:\/\/immigrationcur.org\/pap\/","name":"Immigratiedienst Cura\u00e7ao","description":"De Toelatingsorganisatie (TO) behandelt aanvragen van personen die zich voor een korte of langere periode op Cura\u00e7ao willen verblijven.","potentialAction":[{"@type":"SearchAction","target":{"@type":"EntryPoint","urlTemplate":"https:\/\/immigrationcur.org\/pap\/?s={search_term_string}"},"query-input":{"@type":"PropertyValueSpecification","valueRequired":true,"valueName":"search_term_string"}}],"inLanguage":"pap-AW"}]}},"jetpack_sharing_enabled":true,"_links":{"self":[{"href":"https:\/\/ribeluga.cw\/pap\/wp-json\/wp\/v2\/pages\/12016","targetHints":{"allow":["GET"]}}],"collection":[{"href":"https:\/\/ribeluga.cw\/pap\/wp-json\/wp\/v2\/pages"}],"about":[{"href":"https:\/\/ribeluga.cw\/pap\/wp-json\/wp\/v2\/types\/page"}],"author":[{"embeddable":true,"href":"https:\/\/ribeluga.cw\/pap\/wp-json\/wp\/v2\/users\/4"}],"replies":[{"embeddable":true,"href":"https:\/\/ribeluga.cw\/pap\/wp-json\/wp\/v2\/comments?post=12016"}],"version-history":[{"count":4,"href":"https:\/\/ribeluga.cw\/pap\/wp-json\/wp\/v2\/pages\/12016\/revisions"}],"predecessor-version":[{"id":16957,"href":"https:\/\/ribeluga.cw\/pap\/wp-json\/wp\/v2\/pages\/12016\/revisions\/16957"}],"wp:featuredmedia":[{"embeddable":true,"href":"https:\/\/ribeluga.cw\/pap\/wp-json\/wp\/v2\/media\/12018"}],"wp:attachment":[{"href":"https:\/\/ribeluga.cw\/pap\/wp-json\/wp\/v2\/media?parent=12016"}],"curies":[{"name":"wp","href":"https:\/\/api.w.org\/{rel}","templated":true}]}}